{"id":862,"date":"2024-01-04T17:16:03","date_gmt":"2024-01-04T20:16:03","guid":{"rendered":"https:\/\/liceobicentenariovalparaiso.cl\/wp\/?page_id=862"},"modified":"2025-03-20T12:04:36","modified_gmt":"2025-03-20T15:04:36","slug":"equipo-directivo","status":"publish","type":"page","link":"https:\/\/liceobicentenariovalparaiso.cl\/wp\/equipo-directivo\/","title":{"rendered":"EQUIPO DIRECTIVO"},"content":{"rendered":"<div class=\"wp-block-image\">\n<figure class=\"aligncenter size-large\"><img loading=\"lazy\" decoding=\"async\" width=\"1024\" height=\"538\" src=\"https:\/\/liceobicentenariovalparaiso.cl\/wp\/wp-content\/uploads\/2024\/01\/RD-1200x630-23-AGO-1024x538.png\" alt=\"\" class=\"wp-image-913\" srcset=\"https:\/\/liceobicentenariovalparaiso.cl\/wp\/wp-content\/uploads\/2024\/01\/RD-1200x630-23-AGO-1024x538.png 1024w, https:\/\/liceobicentenariovalparaiso.cl\/wp\/wp-content\/uploads\/2024\/01\/RD-1200x630-23-AGO-300x158.png 300w, https:\/\/liceobicentenariovalparaiso.cl\/wp\/wp-content\/uploads\/2024\/01\/RD-1200x630-23-AGO-768x403.png 768w, https:\/\/liceobicentenariovalparaiso.cl\/wp\/wp-content\/uploads\/2024\/01\/RD-1200x630-23-AGO.png 1200w\" sizes=\"auto, (max-width: 1024px) 100vw, 1024px\" \/><\/figure>\n<\/div>\n\n\n<p>El rol del equipo directivo es vital para dinamizar el ciclo de mejora continua de un establecimiento educativo, dado que tienen la misi\u00f3n de generar las condiciones para que la ense\u00f1anza y el aprendizaje tengan lugar. El equipo directivo debe influir en la comunidad educativa de manera de construir una buena escuela, una escuela de calidad, inclusiva y que mejore constantemente.&nbsp;<\/p>\n\n\n\n<figure class=\"wp-block-image size-large\"><img loading=\"lazy\" decoding=\"async\" width=\"1024\" height=\"525\" src=\"https:\/\/liceobicentenariovalparaiso.cl\/wp\/wp-content\/uploads\/2024\/04\/WhatsApp-Image-2024-04-12-at-12.32.36-1024x525.jpeg\" alt=\"\" class=\"wp-image-1129\" srcset=\"https:\/\/liceobicentenariovalparaiso.cl\/wp\/wp-content\/uploads\/2024\/04\/WhatsApp-Image-2024-04-12-at-12.32.36-1024x525.jpeg 1024w, https:\/\/liceobicentenariovalparaiso.cl\/wp\/wp-content\/uploads\/2024\/04\/WhatsApp-Image-2024-04-12-at-12.32.36-300x154.jpeg 300w, https:\/\/liceobicentenariovalparaiso.cl\/wp\/wp-content\/uploads\/2024\/04\/WhatsApp-Image-2024-04-12-at-12.32.36-768x394.jpeg 768w, https:\/\/liceobicentenariovalparaiso.cl\/wp\/wp-content\/uploads\/2024\/04\/WhatsApp-Image-2024-04-12-at-12.32.36-1536x787.jpeg 1536w, https:\/\/liceobicentenariovalparaiso.cl\/wp\/wp-content\/uploads\/2024\/04\/WhatsApp-Image-2024-04-12-at-12.32.36-2048x1050.jpeg 2048w\" sizes=\"auto, (max-width: 1024px) 100vw, 1024px\" \/><\/figure>\n\n\n\n<p><strong>Directora: Carolina Concha Palomino<\/strong> <a href=\"mailto:carolina.conchap@slepvalparaiso.cl\">carolina.conchap@slepvalparaiso.cl<\/a><\/p>\n\n\n\n<p><strong>Sub. Directora acad\u00e9mica Yasna Diaz Vega <\/strong><a href=\"mailto:yasna.diaz@slepvalparaiso.cl\">yasna.diaz@slepvalparaiso.cl<\/a><\/p>\n\n\n\n<p><strong>Jefa de Unidad T\u00e9cnica Pedag\u00f3gica (UTP) Mariela Salda\u00f1a Manr\u00edquez <\/strong><a href=\"mailto:mariela.saldana@slepvalparaiso.cl\">mariela.saldana@slepvalparaiso.cl<\/a><\/p>\n\n\n\n<p><strong>Orientadora: Angela Henr\u00edquez Tapia<\/strong> <a href=\"mailto:angela.henriquez@slepvalparaiso.cl\">angela.henriquez@slepvalparaiso.cl<\/a><\/p>\n\n\n\n<p><strong>Inspectora General: Anal\u00eda Torres Norambuena <\/strong><a href=\"mailto:analia.torres@slepvalparaiso.cl\">analia.torres@slepvalparaiso.cl<\/a><\/p>\n\n\n\n<p><strong>Inspector General : Jordano Rozas C\u00f3rdova<\/strong> <a href=\"mailto:jordano.rozas@slepvalparaiso.cl\">jordano.rozas@slepvalparaiso.cl<\/a><\/p>\n\n\n\n<p><\/p>\n\n\n\n<p class=\"has-text-align-center\"><strong>EQUIPO T\u00c9CNICO Y COORDINACI\u00d3N T\u00c9CNICA <\/strong><\/p>\n\n\n\n<figure class=\"wp-block-image size-large\"><img loading=\"lazy\" decoding=\"async\" width=\"1024\" height=\"621\" src=\"https:\/\/liceobicentenariovalparaiso.cl\/wp\/wp-content\/uploads\/2024\/04\/WhatsApp-Image-2024-04-12-at-12.15.32-1024x621.jpeg\" alt=\"\" class=\"wp-image-1132\" srcset=\"https:\/\/liceobicentenariovalparaiso.cl\/wp\/wp-content\/uploads\/2024\/04\/WhatsApp-Image-2024-04-12-at-12.15.32-1024x621.jpeg 1024w, https:\/\/liceobicentenariovalparaiso.cl\/wp\/wp-content\/uploads\/2024\/04\/WhatsApp-Image-2024-04-12-at-12.15.32-300x182.jpeg 300w, https:\/\/liceobicentenariovalparaiso.cl\/wp\/wp-content\/uploads\/2024\/04\/WhatsApp-Image-2024-04-12-at-12.15.32-768x466.jpeg 768w, https:\/\/liceobicentenariovalparaiso.cl\/wp\/wp-content\/uploads\/2024\/04\/WhatsApp-Image-2024-04-12-at-12.15.32-1536x932.jpeg 1536w, https:\/\/liceobicentenariovalparaiso.cl\/wp\/wp-content\/uploads\/2024\/04\/WhatsApp-Image-2024-04-12-at-12.15.32-2048x1242.jpeg 2048w\" sizes=\"auto, (max-width: 1024px) 100vw, 1024px\" \/><\/figure>\n\n\n\n<p><strong>Jefa de Unidad T\u00e9cnica Pedag\u00f3gica (UTP) Mariela Salda\u00f1a Manr\u00edquez <\/strong><a href=\"mailto:mariela.saldana@slepvalparaiso.cl\">mariela.saldana@slepvalparaiso.cl<\/a><\/p>\n\n\n\n<p><strong>Coordinadora : Rossana Cruz De La Barra<\/strong> <a href=\"mailto:rossana.cruz@slepvalparaiso.cl\">rossana.cruz@slepvalparaiso.cl<\/a><\/p>\n\n\n\n<p><strong>Coordinadora: Carmen Gloria D\u00edaz Allende<\/strong> <a href=\"mailto:carmen.diaz@slepvalparaiso.cl\">carmen.diaz@slepvalparaiso.cl<\/a>    <\/p>\n","protected":false},"excerpt":{"rendered":"<p>El rol del equipo directivo es vital para dinamizar el ciclo de mejora continua de un establecimiento educativo, dado que tienen la misi\u00f3n de generar las condiciones para que la ense\u00f1anza y el aprendizaje tengan lugar. El equipo directivo debe influir en la comunidad educativa de manera de construir una buena escuela, una escuela de [&hellip;]<\/p>\n","protected":false},"author":1,"featured_media":0,"parent":0,"menu_order":0,"comment_status":"closed","ping_status":"closed","template":"","meta":{"footnotes":""},"class_list":["post-862","page","type-page","status-publish","hentry"],"_links":{"self":[{"href":"https:\/\/liceobicentenariovalparaiso.cl\/wp\/wp-json\/wp\/v2\/pages\/862","targetHints":{"allow":["GET"]}}],"collection":[{"href":"https:\/\/liceobicentenariovalparaiso.cl\/wp\/wp-json\/wp\/v2\/pages"}],"about":[{"href":"https:\/\/liceobicentenariovalparaiso.cl\/wp\/wp-json\/wp\/v2\/types\/page"}],"author":[{"embeddable":true,"href":"https:\/\/liceobicentenariovalparaiso.cl\/wp\/wp-json\/wp\/v2\/users\/1"}],"replies":[{"embeddable":true,"href":"https:\/\/liceobicentenariovalparaiso.cl\/wp\/wp-json\/wp\/v2\/comments?post=862"}],"version-history":[{"count":9,"href":"https:\/\/liceobicentenariovalparaiso.cl\/wp\/wp-json\/wp\/v2\/pages\/862\/revisions"}],"predecessor-version":[{"id":1651,"href":"https:\/\/liceobicentenariovalparaiso.cl\/wp\/wp-json\/wp\/v2\/pages\/862\/revisions\/1651"}],"wp:attachment":[{"href":"https:\/\/liceobicentenariovalparaiso.cl\/wp\/wp-json\/wp\/v2\/media?parent=862"}],"curies":[{"name":"wp","href":"https:\/\/api.w.org\/{rel}","templated":true}]}}