{"id":14,"date":"2022-06-03T16:33:40","date_gmt":"2022-06-03T16:33:40","guid":{"rendered":"http:\/\/liceobicentenariovalparaiso.cl\/wp\/?page_id=14"},"modified":"2024-01-05T00:37:55","modified_gmt":"2024-01-05T03:37:55","slug":"mision-2","status":"publish","type":"page","link":"https:\/\/liceobicentenariovalparaiso.cl\/wp\/mision-2\/","title":{"rendered":"MISI\u00d3N Y VISI\u00d3N."},"content":{"rendered":"<div class=\"wp-block-image\">\n<figure class=\"aligncenter size-full is-resized\"><img loading=\"lazy\" decoding=\"async\" src=\"https:\/\/liceobicentenariovalparaiso.cl\/wp\/wp-content\/uploads\/2022\/06\/mision-1-2.png\" alt=\"\" class=\"wp-image-64\" width=\"336\" height=\"189\" srcset=\"https:\/\/liceobicentenariovalparaiso.cl\/wp\/wp-content\/uploads\/2022\/06\/mision-1-2.png 800w, https:\/\/liceobicentenariovalparaiso.cl\/wp\/wp-content\/uploads\/2022\/06\/mision-1-2-300x169.png 300w, https:\/\/liceobicentenariovalparaiso.cl\/wp\/wp-content\/uploads\/2022\/06\/mision-1-2-768x432.png 768w\" sizes=\"auto, (max-width: 336px) 100vw, 336px\" \/><figcaption class=\"wp-element-caption\">.<\/figcaption><\/figure>\n<\/div>\n\n\n<p>Somos una instituci\u00f3n cuyo prop\u00f3sito es ser reconocida por su\u00a0 alto nivel pedag\u00f3gico y formativo, orientando sus\u00a0 lineamientos pedag\u00f3gicos con base en la calidad de la ense\u00f1anza y el aprendizaje integral de nuestras y nuestros estudiantes. Realizamos un trabajo colaborativo con las familias de nuestra comunidad, con el fin de orientar su formaci\u00f3n hacia la b\u00fasqueda de estudios superiores y proyectos de vida, logrando un impacto en el desarrollo socio-cultural de la ciudad. Lo anterior, se sustenta con la presencia de docentes y funcionarios en constante perfeccionamiento y comprometidos con los planteamientos pedag\u00f3gicos y val\u00f3ricos de nuestra instituci\u00f3n.<\/p>\n\n\n<div class=\"wp-block-image\">\n<figure class=\"aligncenter size-full is-resized\"><img loading=\"lazy\" decoding=\"async\" src=\"https:\/\/liceobicentenariovalparaiso.cl\/wp\/wp-content\/uploads\/2024\/01\/images-2.png\" alt=\"\" class=\"wp-image-945\" width=\"340\" height=\"190\"\/><\/figure>\n<\/div>\n\n\n<p>Aspiramos a ser reconocidos como una instituci\u00f3n cient\u00edfico-humanista, orientada hacia la formaci\u00f3n de nuestras y nuestros estudiantes para entregar las herramientas pedag\u00f3gicas necesarias que les permitan acceder a la educaci\u00f3n superior. Adem\u00e1s, somos promotores de un ambiente educativo inclusivo, en el cual se estimulan procesos pedag\u00f3gicos, formativos, emocionales y de atenci\u00f3n a la diversidad; para generar oportunidades de desarrollo personal y vocacional, abordando el sentido de pertenencia para con la ciudad y su desarrollo cultural y medioambiental.\u00a0<\/p>\n","protected":false},"excerpt":{"rendered":"<p>Somos una instituci\u00f3n cuyo prop\u00f3sito es ser reconocida por su\u00a0 alto nivel pedag\u00f3gico y formativo, orientando sus\u00a0 lineamientos pedag\u00f3gicos con base en la calidad de la ense\u00f1anza y el aprendizaje integral de nuestras y nuestros estudiantes. Realizamos un trabajo colaborativo con las familias de nuestra comunidad, con el fin de orientar su formaci\u00f3n hacia la [&hellip;]<\/p>\n","protected":false},"author":1,"featured_media":0,"parent":0,"menu_order":2,"comment_status":"closed","ping_status":"closed","template":"","meta":{"footnotes":""},"class_list":["post-14","page","type-page","status-publish","hentry"],"_links":{"self":[{"href":"https:\/\/liceobicentenariovalparaiso.cl\/wp\/wp-json\/wp\/v2\/pages\/14","targetHints":{"allow":["GET"]}}],"collection":[{"href":"https:\/\/liceobicentenariovalparaiso.cl\/wp\/wp-json\/wp\/v2\/pages"}],"about":[{"href":"https:\/\/liceobicentenariovalparaiso.cl\/wp\/wp-json\/wp\/v2\/types\/page"}],"author":[{"embeddable":true,"href":"https:\/\/liceobicentenariovalparaiso.cl\/wp\/wp-json\/wp\/v2\/users\/1"}],"replies":[{"embeddable":true,"href":"https:\/\/liceobicentenariovalparaiso.cl\/wp\/wp-json\/wp\/v2\/comments?post=14"}],"version-history":[{"count":12,"href":"https:\/\/liceobicentenariovalparaiso.cl\/wp\/wp-json\/wp\/v2\/pages\/14\/revisions"}],"predecessor-version":[{"id":947,"href":"https:\/\/liceobicentenariovalparaiso.cl\/wp\/wp-json\/wp\/v2\/pages\/14\/revisions\/947"}],"wp:attachment":[{"href":"https:\/\/liceobicentenariovalparaiso.cl\/wp\/wp-json\/wp\/v2\/media?parent=14"}],"curies":[{"name":"wp","href":"https:\/\/api.w.org\/{rel}","templated":true}]}}